{"id":46,"date":"2022-04-13T00:15:00","date_gmt":"2022-04-12T22:15:00","guid":{"rendered":"https:\/\/www.almila.de\/?page_id=46"},"modified":"2022-04-13T00:15:00","modified_gmt":"2022-04-12T22:15:00","slug":"agb","status":"publish","type":"page","link":"https:\/\/www.almila.de\/?page_id=46","title":{"rendered":"AGB"},"content":{"rendered":"\n<p><strong>Allgemeine Gesch\u00e4ftsbedingungen<\/strong><\/p>\n\n\n\n<p><strong>Almila Automaten<\/strong><\/p>\n\n\n\n<p><strong>Unsere Lieferungen, Leistungen und Angebote an Verbraucher gem. \u00a7 13 BGB erfolgen auf der Grundlage dieser Gesch\u00e4ftsbedingungen, wenn Ihre Bestellung weder Ihrer gewerblichen noch Ihrer selbstst\u00e4ndigen beruflichen T\u00e4tigkeit zugeordnet werden kann. Mit Aufgabe seiner Bestellung erkl\u00e4rt sich der K\u00e4ufer mit dieser Vertragsgrundlage einverstanden. Weitere Einzelheiten zum Bestellverfahren, zu unseren Vertragskonditionen und zur weiteren Abwicklung des Vertrages finden Sie auch auf den entsprechenden.<\/strong><\/p>\n\n\n\n<p><strong>&nbsp;<a><\/a>1 Vertragsabschluss<\/strong><\/p>\n\n\n\n<p><strong>Die Darstellung der Produkte im Online-Shop stellt kein rechtlich bindendes Angebot, sondern einen unverbindlichen Online-Katalog dar. Durch Anklicken des Buttons \u201cBestellung senden\u201d geben Sie eine verbindliche Bestellung der im Warenkorb enthaltenen Waren ab. Die Best\u00e4tigung des Eingangs Ihrer Bestellung erfolgt zusammen mit der Annahme der Bestellung unmittelbar nach dem Absenden durch eine automatisierte E-Mail. Mit dieser E-Mail-Best\u00e4tigung ist der Kaufvertrag nicht zustande gekommen. Die Annahme erfolgt schriftlich oder konkludent durch Zusendung der Ware. An das Angebot ist der Besteller f\u00fcr die Dauer von 5 Tagen ab Zugang bei uns gebunden. Der Vertragsschluss erfolgt ausschlie\u00dflich in deutscher Sprache. Sie bestellen in unserem Shop:<\/strong><\/p>\n\n\n\n<ul class=\"wp-block-list\"><li><strong>\u00fcber das Internet, indem Sie<\/strong><ul><li><strong>Ihre Versand- und Zahlungsweise ausw\u00e4hlen<\/strong><\/li><li><strong>die Bestellungen absenden<\/strong><\/li><\/ul><\/li><\/ul>\n\n\n\n<p><strong>Ihre Bestellungen werden bei uns gespeichert. Sollten Sie Ihre Unterlagen zu Ihren Bestellungen verlieren, wenden Sie sich bitte per E-Mail\/Telefon an uns. Wir senden Ihnen eine Kopie der Daten Ihrer Bestellung gerne zu.<\/strong><\/p>\n","protected":false},"excerpt":{"rendered":"<p>Allgemeine Gesch\u00e4ftsbedingungen Almila Automaten Unsere Lieferungen, Leistungen und Angebote an Verbraucher gem. \u00a7 13 BGB<\/p>\n","protected":false},"author":1,"featured_media":0,"parent":0,"menu_order":0,"comment_status":"closed","ping_status":"closed","template":"","meta":{"footnotes":""},"class_list":["post-46","page","type-page","status-publish","hentry"],"_links":{"self":[{"href":"https:\/\/www.almila.de\/index.php?rest_route=\/wp\/v2\/pages\/46","targetHints":{"allow":["GET"]}}],"collection":[{"href":"https:\/\/www.almila.de\/index.php?rest_route=\/wp\/v2\/pages"}],"about":[{"href":"https:\/\/www.almila.de\/index.php?rest_route=\/wp\/v2\/types\/page"}],"author":[{"embeddable":true,"href":"https:\/\/www.almila.de\/index.php?rest_route=\/wp\/v2\/users\/1"}],"replies":[{"embeddable":true,"href":"https:\/\/www.almila.de\/index.php?rest_route=%2Fwp%2Fv2%2Fcomments&post=46"}],"version-history":[{"count":1,"href":"https:\/\/www.almila.de\/index.php?rest_route=\/wp\/v2\/pages\/46\/revisions"}],"predecessor-version":[{"id":47,"href":"https:\/\/www.almila.de\/index.php?rest_route=\/wp\/v2\/pages\/46\/revisions\/47"}],"wp:attachment":[{"href":"https:\/\/www.almila.de\/index.php?rest_route=%2Fwp%2Fv2%2Fmedia&parent=46"}],"curies":[{"name":"wp","href":"https:\/\/api.w.org\/{rel}","templated":true}]}}